{"id":1112,"date":"2022-06-14T11:17:35","date_gmt":"2022-06-14T09:17:35","guid":{"rendered":"https:\/\/azmedien.datomino.de\/?page_id=1112"},"modified":"2024-09-18T09:51:42","modified_gmt":"2024-09-18T07:51:42","slug":"firmenportrait-2","status":"publish","type":"page","link":"https:\/\/www.azvertrieb.ch\/?page_id=1112","title":{"rendered":"Firmenportrait"},"content":{"rendered":"\n\n\t<h2><strong>AZ Vertriebs AG und VS Vertriebs GmbH<\/strong><\/h2>\n<h4><strong>Die Vertriebsorganisationen der CH Media &#8211; die AZ Vertriebs AG und die VS Vertriebs GmbH &#8211; sind mit rund 1&#8217;200 Vertr\u00e4gerinnen und Vertr\u00e4gern daf\u00fcr besorgt, dass unter der Woche die Tageszeitungen, und am Sonntag alle Sonntagstitel, rechtzeitig in den Briefk\u00e4sten sind.<\/strong><\/h4>\n<h4><strong>Viele Vertr\u00e4gerinnen und Vertr\u00e4ger gehen bei der AZ Vertriebs AG und VS Vertriebs GmbH von 05.00 Uhr &#8211; 06.30 Uhr einem Nebenerwerb mit 10-Prozent-Pensum nach.<\/strong><\/h4>\n\t\t\t\t<img loading=\"lazy\" decoding=\"async\" src=\"https:\/\/www.azvertrieb.ch\/wp-content\/uploads\/2022\/05\/csm_CH_Media__c_keystone_walter_bieri_450fd60df5.jpg\" alt=\"csm_CH_Media__c_keystone_walter_bieri_450fd60df5\" itemprop=\"image\" height=\"659\" width=\"1280\" title=\"csm_CH_Media__c_keystone_walter_bieri_450fd60df5\" onerror=\"this.style.display='none'\"  \/>\n\t<iframe src=\"https:\/\/www.google.com\/maps\/embed\/v1\/place?q=Neumattstrasse+1&#038;key=AIzaSyD09zQ9PNDNNy9TadMuzRV_UsPUoWKntt8\" aria-hidden=\"true\"><\/iframe>\n\n","protected":false},"excerpt":{"rendered":"<p>AZ Vertriebs AG und VS Vertriebs GmbH Die Vertriebsorganisationen der CH Media &#8211; die AZ Vertriebs AG und die VS Vertriebs GmbH &#8211; sind mit rund 1&#8217;200 Vertr\u00e4gerinnen und Vertr\u00e4gern daf\u00fcr besorgt, dass unter der Woche die Tageszeitungen, und am Sonntag alle Sonntagstitel, rechtzeitig in den Briefk\u00e4sten sind. Viele Vertr\u00e4gerinnen und Vertr\u00e4ger gehen bei der&hellip;<\/p>\n","protected":false},"author":1,"featured_media":0,"parent":0,"menu_order":0,"comment_status":"closed","ping_status":"closed","template":"","meta":{"_monsterinsights_skip_tracking":false,"_monsterinsights_sitenote_active":false,"_monsterinsights_sitenote_note":"","_monsterinsights_sitenote_category":0,"footnotes":""},"class_list":["post-1112","page","type-page","status-publish","hentry"],"_links":{"self":[{"href":"https:\/\/www.azvertrieb.ch\/index.php?rest_route=\/wp\/v2\/pages\/1112","targetHints":{"allow":["GET"]}}],"collection":[{"href":"https:\/\/www.azvertrieb.ch\/index.php?rest_route=\/wp\/v2\/pages"}],"about":[{"href":"https:\/\/www.azvertrieb.ch\/index.php?rest_route=\/wp\/v2\/types\/page"}],"author":[{"embeddable":true,"href":"https:\/\/www.azvertrieb.ch\/index.php?rest_route=\/wp\/v2\/users\/1"}],"replies":[{"embeddable":true,"href":"https:\/\/www.azvertrieb.ch\/index.php?rest_route=%2Fwp%2Fv2%2Fcomments&post=1112"}],"version-history":[{"count":11,"href":"https:\/\/www.azvertrieb.ch\/index.php?rest_route=\/wp\/v2\/pages\/1112\/revisions"}],"predecessor-version":[{"id":1689,"href":"https:\/\/www.azvertrieb.ch\/index.php?rest_route=\/wp\/v2\/pages\/1112\/revisions\/1689"}],"wp:attachment":[{"href":"https:\/\/www.azvertrieb.ch\/index.php?rest_route=%2Fwp%2Fv2%2Fmedia&parent=1112"}],"curies":[{"name":"wp","href":"https:\/\/api.w.org\/{rel}","templated":true}]}}