{"id":335,"date":"2022-04-01T10:41:09","date_gmt":"2022-04-01T08:41:09","guid":{"rendered":"http:\/\/217.7.81.220\/?page_id=335"},"modified":"2025-03-13T14:38:25","modified_gmt":"2025-03-13T13:38:25","slug":"login","status":"publish","type":"page","link":"https:\/\/www.azvertrieb.ch\/?page_id=335","title":{"rendered":"Kontaktformular"},"content":{"rendered":"\n<h6>\n\t\tTolle Vorteile gegen\u00fcber anderen Nebenerwerbs-Jobs\n\t<\/h6>\n\t\t<h3>Selbstst\u00e4ndiges Arbeiten<\/h3><h4>\u00a0Sie bestimmen selber wie, mit welchen Mitteln und auf welchem Weg Sie zum Ziel gelangen.<\/h4>\n\t\t<h3>Ideale Bedingungen<\/h3><h4>\u00a0Morgens um 05:00 Uhr ist alles noch ruhig. Die Strassen sind frei, noch keine Hektik, noch kein Verkehr.<\/h4>\n\t\t<h3>Gesundheit<\/h3><h4>\u00a0Auch Zusteller reiferen Alters best\u00e4tigen, die t\u00e4gliche Bewegung und die Aktivierung des Gehirns halten Geist und K\u00f6rper fit.<\/h4>\n<h4>\u00a0Wir haben Angestellte welche weit \u00fcber 80 Jahre &#8211;\u00a0 und vor allem &#8211; noch topfit sind.<\/h4>\n\t\t<h3>Ideal f\u00fcr Jung und Alt<\/h3><h4>\u00a0Hausfrau und wenn die Kinder aufstehen schon wieder retour sein ?<\/h4>\n<h4>\u00a0Pension\u00e4rin und das Gehalt aufbessern, damit man sich auch wieder sch\u00f6nere Dinge leisten kann ?<\/h4>\n<h4>\u00a0Studentin und einen Ferienjob w\u00e4hlen, bei dem man noch etwas von seinen Ferien hat ?<\/h4>\n<p>&nbsp;<\/p>\n\t\t\t<a href=\"https:\/\/www.zustelljob.ch\/firma\/az-vertriebs-ag-vs-vertriebs-gmbh\/56\" target=\"_self\">\n\t\t\t\t\t\t\tOffene Stellen Sonn -und Werktage\n\t\t\t\t\t<\/a>\n\n","protected":false},"excerpt":{"rendered":"<p>Tolle Vorteile gegen\u00fcber anderen Nebenerwerbs-Jobs Selbstst\u00e4ndiges Arbeiten \u00a0Sie bestimmen selber wie, mit welchen Mitteln und auf welchem Weg Sie zum Ziel gelangen. Ideale Bedingungen \u00a0Morgens um 05:00 Uhr ist alles noch ruhig. Die Strassen sind frei, noch keine Hektik, noch kein Verkehr. Gesundheit \u00a0Auch Zusteller reiferen Alters best\u00e4tigen, die t\u00e4gliche Bewegung und die Aktivierung des&hellip;<\/p>\n","protected":false},"author":1,"featured_media":0,"parent":0,"menu_order":0,"comment_status":"closed","ping_status":"closed","template":"","meta":{"_monsterinsights_skip_tracking":false,"_monsterinsights_sitenote_active":false,"_monsterinsights_sitenote_note":"","_monsterinsights_sitenote_category":0,"footnotes":""},"class_list":["post-335","page","type-page","status-publish","hentry"],"_links":{"self":[{"href":"https:\/\/www.azvertrieb.ch\/index.php?rest_route=\/wp\/v2\/pages\/335","targetHints":{"allow":["GET"]}}],"collection":[{"href":"https:\/\/www.azvertrieb.ch\/index.php?rest_route=\/wp\/v2\/pages"}],"about":[{"href":"https:\/\/www.azvertrieb.ch\/index.php?rest_route=\/wp\/v2\/types\/page"}],"author":[{"embeddable":true,"href":"https:\/\/www.azvertrieb.ch\/index.php?rest_route=\/wp\/v2\/users\/1"}],"replies":[{"embeddable":true,"href":"https:\/\/www.azvertrieb.ch\/index.php?rest_route=%2Fwp%2Fv2%2Fcomments&post=335"}],"version-history":[{"count":20,"href":"https:\/\/www.azvertrieb.ch\/index.php?rest_route=\/wp\/v2\/pages\/335\/revisions"}],"predecessor-version":[{"id":1785,"href":"https:\/\/www.azvertrieb.ch\/index.php?rest_route=\/wp\/v2\/pages\/335\/revisions\/1785"}],"wp:attachment":[{"href":"https:\/\/www.azvertrieb.ch\/index.php?rest_route=%2Fwp%2Fv2%2Fmedia&parent=335"}],"curies":[{"name":"wp","href":"https:\/\/api.w.org\/{rel}","templated":true}]}}