{"id":726,"date":"2022-04-01T14:36:53","date_gmt":"2022-04-01T12:36:53","guid":{"rendered":"http:\/\/217.7.81.220\/?page_id=726"},"modified":"2024-02-15T10:44:55","modified_gmt":"2024-02-15T09:44:55","slug":"anzeigenblatt","status":"publish","type":"page","link":"https:\/\/www.azvertrieb.ch\/?page_id=726","title":{"rendered":"Anzeigenblatt"},"content":{"rendered":"\n\n\t<h4><strong>Von Montag bis Samstag stellen unsere beiden Vertriebsorganisationen in den Kantonen Aargau und Solothurn t\u00e4glich verschiedene Tageszeitungen und Zeitschriften in der Fr\u00fchzustellung bis 06:30 Uhr den Abonnentinnen und Abonnenten zu. <\/strong><strong>Rund 1&#8217;500 zuverl\u00e4ssige Fr\u00fchzustellerinnen und Fr\u00fchzusteller sind in diesem lukrativen Nebenjob bei uns angestellt.<\/strong><\/h4>\n\t\t\t\t<img loading=\"lazy\" decoding=\"async\" src=\"https:\/\/www.azvertrieb.ch\/wp-content\/uploads\/2022\/11\/Zeitungsdepot.jpg\" alt=\"Zeitungsdepot\" itemprop=\"image\" height=\"497\" width=\"719\" title=\"Zeitungsdepot\" onerror=\"this.style.display='none'\"  \/>\n\t\t<h3>Grob-Ablauf<\/h3>\t\t\n\t\t\t<ul>\n<li>\n<h4>Transporteure bringen die frisch gedruckten Zeitungen t\u00e4glich Mo-Sa in aller fr\u00fch an die vordefinierten Depots in den Ortschaften<\/h4>\n<\/li>\n<li>\n<h4>Die Zusteller holen Ihre Zeitungen am Depot gem\u00e4ss Routen-Nummer und Lieferschein.<\/h4>\n<\/li>\n<li>\n<h4>Anzahl Zeitungen und Mutationen werden vom Zusteller kontrolliert und bei Abweichung ggfs. Nachbestellt.<\/h4>\n<\/li>\n<li>\n<h4>Zusteller bedienen Ihre Routen exakt gem\u00e4ss vorhandenem Routenbuch mit allen Adressen.<\/h4>\n<\/li>\n<li>\n<h4>Alle Zeitungen m\u00fcssen Werktags bis allersp\u00e4testens um 06.30 Uhr bei den Abonnenten zugestellt sein.<\/h4>\n<\/li>\n<\/ul>\n\t\t\t\t<img loading=\"lazy\" decoding=\"async\" src=\"https:\/\/www.azvertrieb.ch\/wp-content\/uploads\/2022\/11\/Zusteller.jpg\" alt=\"Zusteller\" itemprop=\"image\" height=\"380\" width=\"519\" title=\"Zusteller\" onerror=\"this.style.display='none'\"  \/>\n\t\t<h3>Voraussetzung<\/h3>\t\t\n\t\t\t<ul>\n<li>\n<h4>Sie arbeiten gerne selbstst\u00e4ndig<\/h4>\n<\/li>\n<li>\n<h4>Etwas fr\u00fcher Aufstehen bereitet Ihnen keine Probleme<\/h4>\n<\/li>\n<li>\n<h4>Sie sind mobil, egal ob mit Auto, T\u00f6ffli oder Velo<\/h4>\n<\/li>\n<li>\n<h4>Sie sind zuverl\u00e4ssig und p\u00fcnktlich<\/h4>\n<\/li>\n<li>\n<h4>Sie sind robust und wetterfest<\/h4>\n<\/li>\n<li>\n<h4>Sie haben einen guten Orientierungssinn<\/h4>\n<\/li>\n<li>\n<h4>Sie k\u00f6nnen sich in deutscher Sprache schriftlich und m\u00fcndlich verst\u00e4ndigen<\/h4>\n<\/li>\n<li>\n<h4>Egal ob jung als Student oder bereits pensioniert ? Jedes Alter ist willkommen!<\/h4>\n<\/li>\n<\/ul>\n\t\t\t\t<img loading=\"lazy\" decoding=\"async\" src=\"https:\/\/www.azvertrieb.ch\/wp-content\/uploads\/2017\/04\/iStock-1381817921.jpg\" alt=\"Man delivering a newspaper inside a mailbox.\" itemprop=\"image\" height=\"1500\" width=\"1999\" title=\"Delivering the newspaper\" onerror=\"this.style.display='none'\"  \/>\n\t\t<h3>Interessiert ? Wir freuen uns auf Sie !<\/h3>\t\t\n\t\t\t<ul>\n<li>\n<h4>Sie erf\u00fcllen die Voraussetzungen ?<\/h4>\n<\/li>\n<li>\n<h4>Dann freuen wir uns \u00fcber Ihre Kontaktaufnahme<\/h4>\n<\/li>\n<li>\n<h4>Rufen Sie uns an:\u00a0<strong> 058 200 45 00<\/strong><\/h4>\n<\/li>\n<li>\n<h4>Schreiben Sie uns:\u00a0 <strong>bewerbung@azvertrieb.ch<\/strong><\/h4>\n<\/li>\n<\/ul>\n\n","protected":false},"excerpt":{"rendered":"<p>Von Montag bis Samstag stellen unsere beiden Vertriebsorganisationen in den Kantonen Aargau und Solothurn t\u00e4glich verschiedene Tageszeitungen und Zeitschriften in der Fr\u00fchzustellung bis 06:30 Uhr den Abonnentinnen und Abonnenten zu. Rund 1&#8217;500 zuverl\u00e4ssige Fr\u00fchzustellerinnen und Fr\u00fchzusteller sind in diesem lukrativen Nebenjob bei uns angestellt. Grob-Ablauf Transporteure bringen die frisch gedruckten Zeitungen t\u00e4glich Mo-Sa in aller&hellip;<\/p>\n","protected":false},"author":1,"featured_media":0,"parent":0,"menu_order":0,"comment_status":"closed","ping_status":"closed","template":"","meta":{"_monsterinsights_skip_tracking":false,"_monsterinsights_sitenote_active":false,"_monsterinsights_sitenote_note":"","_monsterinsights_sitenote_category":0,"footnotes":""},"class_list":["post-726","page","type-page","status-publish","hentry"],"_links":{"self":[{"href":"https:\/\/www.azvertrieb.ch\/index.php?rest_route=\/wp\/v2\/pages\/726","targetHints":{"allow":["GET"]}}],"collection":[{"href":"https:\/\/www.azvertrieb.ch\/index.php?rest_route=\/wp\/v2\/pages"}],"about":[{"href":"https:\/\/www.azvertrieb.ch\/index.php?rest_route=\/wp\/v2\/types\/page"}],"author":[{"embeddable":true,"href":"https:\/\/www.azvertrieb.ch\/index.php?rest_route=\/wp\/v2\/users\/1"}],"replies":[{"embeddable":true,"href":"https:\/\/www.azvertrieb.ch\/index.php?rest_route=%2Fwp%2Fv2%2Fcomments&post=726"}],"version-history":[{"count":28,"href":"https:\/\/www.azvertrieb.ch\/index.php?rest_route=\/wp\/v2\/pages\/726\/revisions"}],"predecessor-version":[{"id":1539,"href":"https:\/\/www.azvertrieb.ch\/index.php?rest_route=\/wp\/v2\/pages\/726\/revisions\/1539"}],"wp:attachment":[{"href":"https:\/\/www.azvertrieb.ch\/index.php?rest_route=%2Fwp%2Fv2%2Fmedia&parent=726"}],"curies":[{"name":"wp","href":"https:\/\/api.w.org\/{rel}","templated":true}]}}